{"id":3137,"date":"2022-09-23T06:36:21","date_gmt":"2022-09-23T06:36:21","guid":{"rendered":"https:\/\/servingshop.elevate.si\/izdelek\/absperrklappen-valve\/"},"modified":"2022-09-23T06:36:21","modified_gmt":"2022-09-23T06:36:21","slug":"absperrklappen-valve","status":"publish","type":"product","link":"https:\/\/trgovina.servingdoo.si\/de\/izdelek\/absperrklappen-valve\/","title":{"rendered":"Absperrklappen valve"},"content":{"rendered":"<h2>Technische Standardparameter:<\/h2>\n<h3>Ventilk\u00f6rper:<\/h3>\n<p>Nennweite: DN40-DN1000<br \/>\nGeh\u00e4usematerial: Sph\u00e4roguss, 304, 316<br \/>\nAnschluss: Flansch, Flanschtyp Lug<br \/>\nDruckklasse: PN1.0MPa, PN1.6MPa<br \/>\nStruktur: Mittlerer Typ<\/p>\n<h3>Konstruktions- und Fertigungsstandards:<\/h3>\n<p>Design und Herstellung: GB\/T12238-200 Verbindungsstandard: JB\/T79.1-1994<br \/>\nStrukturl\u00e4nge: GB\/T12221-2005<br \/>\nDruckpr\u00fcfung: GB\/T13927-2008<\/p>\n<h3>Ventilkomponenten:<\/h3>\n<p>Sitzdichtung: EPDM: -30~120\u2103<br \/>\nNBR: -30 ~ 80 \u2103<br \/>\nPTFE: -30~140 \u2103<br \/>\nVITON: -30~150 \u2103<br \/>\nScheibenmaterial: Sph\u00e4roguss, Nickel, Nylon beschichtet, Aluminiumbronze, 304, 316, 316L<br \/>\nSchaftmaterial: SS410, 304<br \/>\nAnwendbares Medium: Wasser, Fl\u00fcssigkeit, Gas, \u00d6l, Staub, Dampf, S\u00e4ure und mittelkorrosive Medien.<\/p>\n","protected":false},"excerpt":{"rendered":"<p>Absperrklappe neuen Typs, einzigartiges Aussehen, kompakte Bauweise. Die 2-Wege-Dichtfunktion, nicht durch die Medienflusskontrolle. Kann als Abschneideeffekt verwendet werden, kann auch Flussregulierung. Schale mit Epoxidharzbeschichtung, um Rost zu verhindern. Durch die Auswahl der Ventilsitzdichtung, Scheibenmaterial, geeignet f\u00fcr unterschiedliche Arbeitsmedien.<\/p>\n","protected":false},"featured_media":3044,"comment_status":"closed","ping_status":"closed","template":"","meta":{"_et_pb_use_builder":"","_et_pb_old_content":"","_et_gb_content_width":""},"product_cat":[162,154],"product_tag":[],"_links":{"self":[{"href":"https:\/\/trgovina.servingdoo.si\/de\/wp-json\/wp\/v2\/product\/3137"}],"collection":[{"href":"https:\/\/trgovina.servingdoo.si\/de\/wp-json\/wp\/v2\/product"}],"about":[{"href":"https:\/\/trgovina.servingdoo.si\/de\/wp-json\/wp\/v2\/types\/product"}],"replies":[{"embeddable":true,"href":"https:\/\/trgovina.servingdoo.si\/de\/wp-json\/wp\/v2\/comments?post=3137"}],"wp:featuredmedia":[{"embeddable":true,"href":"https:\/\/trgovina.servingdoo.si\/de\/wp-json\/wp\/v2\/media\/3044"}],"wp:attachment":[{"href":"https:\/\/trgovina.servingdoo.si\/de\/wp-json\/wp\/v2\/media?parent=3137"}],"wp:term":[{"taxonomy":"product_cat","embeddable":true,"href":"https:\/\/trgovina.servingdoo.si\/de\/wp-json\/wp\/v2\/product_cat?post=3137"},{"taxonomy":"product_tag","embeddable":true,"href":"https:\/\/trgovina.servingdoo.si\/de\/wp-json\/wp\/v2\/product_tag?post=3137"}],"curies":[{"name":"wp","href":"https:\/\/api.w.org\/{rel}","templated":true}]}}