{"id":3135,"date":"2022-09-23T09:47:47","date_gmt":"2022-09-23T09:47:47","guid":{"rendered":"https:\/\/servingshop.elevate.si\/izdelek\/kugelhahn\/"},"modified":"2022-09-23T09:47:47","modified_gmt":"2022-09-23T09:47:47","slug":"kugelhahn","status":"publish","type":"product","link":"https:\/\/trgovina.servingdoo.si\/de\/izdelek\/kugelhahn\/","title":{"rendered":"Kugelhahn"},"content":{"rendered":"<h2>Technische Standardparameter:<\/h2>\n<h3>Ventilk\u00f6rper:<\/h3>\n<p>Nennweite: DN15-DN200<br \/>\nGeh\u00e4usematerial: WCB, 304, 316, 316L<br \/>\nAnschluss: Flansch<br \/>\nDruckklasse: PN1.6-4.0MPa<br \/>\nStruktur: Schwimmerkugelkern<\/p>\n<h3>Ventilkomponenten:<\/h3>\n<p>Sitzdichtung: PTFE: -30~180\u2103, PPL: -30~250\u2103<br \/>\nKernmaterial: 304, 316, 316L<br \/>\nStammmaterial: 304<br \/>\nAnwendbares Medium: Wasser, \u00d6l, Dampf usw.<\/p>\n<h3>Leistung:<\/h3>\n<p>Brandschutzgestaltung<br \/>\nDirektmontage-Stellantrieb nach ISO5211-Standard Antistatik-Vorrichtung zwischen Kern und Ventilk\u00f6rper Ex-Schutz-Design des Schafts<br \/>\nDie doppelte Spindelpackung entspricht dem deutschen T\u00dcV TA-LUFL Dampfdichtheitstest<br \/>\nLeckage: Keine Leckage<br \/>\nRenditedifferenz: \u00b1 2,5 %<\/p>\n","protected":false},"excerpt":{"rendered":"<p>Der Kugelhahn mit einem K\u00f6rper aus Pr\u00e4zisionsdruckguss, der mit einer hohen Plattform ausgef\u00fchrt ist, die ohne Halterung und Verbindungswelle mit dem Stellantrieb verbunden ist, kann als Durchflussbremse verwendet werden, er kann auch als Durchfluss verwendet werden Kontrollfunktion. Durch die Wahl des Ventilk\u00f6rpers und der Sitzwerkstoffe sind sie f\u00fcr unterschiedliche Arbeitsmedien geeignet. Der Steuerteil verwendet einen elektrischen Stellantrieb und einen pneumatischen Stellantrieb, um eine automatische Steuerung zu erreichen.<\/p>\n","protected":false},"featured_media":3102,"comment_status":"closed","ping_status":"closed","template":"","meta":{"_et_pb_use_builder":"","_et_pb_old_content":"","_et_gb_content_width":""},"product_cat":[164,154],"product_tag":[],"_links":{"self":[{"href":"https:\/\/trgovina.servingdoo.si\/de\/wp-json\/wp\/v2\/product\/3135"}],"collection":[{"href":"https:\/\/trgovina.servingdoo.si\/de\/wp-json\/wp\/v2\/product"}],"about":[{"href":"https:\/\/trgovina.servingdoo.si\/de\/wp-json\/wp\/v2\/types\/product"}],"replies":[{"embeddable":true,"href":"https:\/\/trgovina.servingdoo.si\/de\/wp-json\/wp\/v2\/comments?post=3135"}],"wp:featuredmedia":[{"embeddable":true,"href":"https:\/\/trgovina.servingdoo.si\/de\/wp-json\/wp\/v2\/media\/3102"}],"wp:attachment":[{"href":"https:\/\/trgovina.servingdoo.si\/de\/wp-json\/wp\/v2\/media?parent=3135"}],"wp:term":[{"taxonomy":"product_cat","embeddable":true,"href":"https:\/\/trgovina.servingdoo.si\/de\/wp-json\/wp\/v2\/product_cat?post=3135"},{"taxonomy":"product_tag","embeddable":true,"href":"https:\/\/trgovina.servingdoo.si\/de\/wp-json\/wp\/v2\/product_tag?post=3135"}],"curies":[{"name":"wp","href":"https:\/\/api.w.org\/{rel}","templated":true}]}}