{"id":3133,"date":"2022-09-23T09:56:15","date_gmt":"2022-09-23T09:56:15","guid":{"rendered":"https:\/\/servingshop.elevate.si\/izdelek\/die-dreiteilige-kugelhahnserie\/"},"modified":"2022-09-23T09:56:15","modified_gmt":"2022-09-23T09:56:15","slug":"die-dreiteilige-kugelhahnserie","status":"publish","type":"product","link":"https:\/\/trgovina.servingdoo.si\/de\/izdelek\/die-dreiteilige-kugelhahnserie\/","title":{"rendered":"Die dreiteilige Kugelhahnserie"},"content":{"rendered":"<h2>Technische Standardparameter:<\/h2>\n<h3>Ventilk\u00f6rper:<\/h3>\n<p>Nennweite: DN10-DN100<br \/>\nK\u00f6rpermaterial: 304, 316,316L<br \/>\nVerbindung: Gewinde<br \/>\nDruckklasse: PN1.6-PN6.3MPa<br \/>\nStruktur: Schwimmerkugelkern<\/p>\n<h3>Konstruktions- und Fertigungsstandards:<\/h3>\n<p>Gewindetyp: G, NPT, BSPT, BSP, DIN259\/2999<br \/>\nOberer Flansch: ISO5211<br \/>\nDruckpr\u00fcfung: ISO5208 API598<\/p>\n<h3>Ventilkomponenten:<\/h3>\n<p>Sitzdichtung: PTFE: -30~180\u2103, PPL: -30~250\u2103<br \/>\nKernmaterial: 304, 316, 316L<br \/>\nSchaftmaterial: 304<br \/>\nAnwendbares Medium: Wasser, Fl\u00fcssigkeit, Gas, \u00d6l, S\u00e4ure, alkalisches korrosives Medium.<\/p>\n","protected":false},"excerpt":{"rendered":"<p>Die dreiteilige Kugelhahnserie ist unterteilt in dreiteilige Gewindekugelh\u00e4hne, dreiteilige geschwei\u00dfte Kugelh\u00e4hne, dreiteilige Klemmkugelh\u00e4hne. Pr\u00e4zisionsgussk\u00f6rper, Design mit hoher Plattform, \u00dcbereinstimmung mit der Norm ISO5211, direkt montierter pneumatischer Stellantrieb, elektrischer Stellantrieb zur Realisierung einer automatischen Steuerung.<\/p>\n","protected":false},"featured_media":3105,"comment_status":"closed","ping_status":"closed","template":"","meta":{"_et_pb_use_builder":"","_et_pb_old_content":"","_et_gb_content_width":""},"product_cat":[166,164,154],"product_tag":[],"_links":{"self":[{"href":"https:\/\/trgovina.servingdoo.si\/de\/wp-json\/wp\/v2\/product\/3133"}],"collection":[{"href":"https:\/\/trgovina.servingdoo.si\/de\/wp-json\/wp\/v2\/product"}],"about":[{"href":"https:\/\/trgovina.servingdoo.si\/de\/wp-json\/wp\/v2\/types\/product"}],"replies":[{"embeddable":true,"href":"https:\/\/trgovina.servingdoo.si\/de\/wp-json\/wp\/v2\/comments?post=3133"}],"wp:featuredmedia":[{"embeddable":true,"href":"https:\/\/trgovina.servingdoo.si\/de\/wp-json\/wp\/v2\/media\/3105"}],"wp:attachment":[{"href":"https:\/\/trgovina.servingdoo.si\/de\/wp-json\/wp\/v2\/media?parent=3133"}],"wp:term":[{"taxonomy":"product_cat","embeddable":true,"href":"https:\/\/trgovina.servingdoo.si\/de\/wp-json\/wp\/v2\/product_cat?post=3133"},{"taxonomy":"product_tag","embeddable":true,"href":"https:\/\/trgovina.servingdoo.si\/de\/wp-json\/wp\/v2\/product_tag?post=3133"}],"curies":[{"name":"wp","href":"https:\/\/api.w.org\/{rel}","templated":true}]}}