{"id":3131,"date":"2022-09-23T10:51:13","date_gmt":"2022-09-23T10:51:13","guid":{"rendered":"https:\/\/servingshop.elevate.si\/izdelek\/dreiwege-kugelhaehne\/"},"modified":"2022-09-23T10:51:13","modified_gmt":"2022-09-23T10:51:13","slug":"dreiwege-kugelhahne","status":"publish","type":"product","link":"https:\/\/trgovina.servingdoo.si\/de\/izdelek\/dreiwege-kugelhahne\/","title":{"rendered":"Dreiwege-Kugelh\u00e4hne"},"content":{"rendered":"<h2>Technische Standardparameter:<\/h2>\n<h3>Ventilk\u00f6rper:<\/h3>\n<p>Nennweit: DN15-DN300 Geh\u00e4usematerial: WBC, 304, 316<br \/>\nAnschluss: Gewinde, Flansch<br \/>\nDruckklasse: PN1,6-PN4.0MPa<br \/>\nAufbau: Dreiwege T\/L Kugelh\u00e4hne<\/p>\n<h3>Konstruktions- und Fertigungsstandards:<\/h3>\n<p>Design und Herstellung: GB\/T12238-2008 Design und Herstellung: JB\/T79.1-1994<br \/>\nStrukturl\u00e4nge: GB\/T12221-2005<br \/>\nDruckpr\u00fcfung: GB\/T13927-2008<\/p>\n<h3>Ventilkomponenten:<\/h3>\n<p>Dichtung: PTFE: -30~180 \u2103, PPL: -30~250 \u2103 Harte Dichtung: -30~450 \u2103<br \/>\nHartlegierung: Oberfl\u00e4chenh\u00e4rtungsbehandlung: Wolframnitrid<br \/>\nKernmaterial: 304, 316, 316L;<br \/>\nHartdichtungs-Oberfl\u00e4chenspritzschwei\u00dfen, Wolframnitrid.<br \/>\nStammmaterial: 304<br \/>\nAnwendbares Medium: Wasser, Fl\u00fcssigkeit, Gas, \u00d6l, Staub, Dampf, \u00e4tzendes Medium der S\u00e4ure und des Alkalis<\/p>\n","protected":false},"excerpt":{"rendered":"<p>Dreiwege-Kugelh\u00e4hne sind in L-Typ und T-Typ unterteilt, die f\u00fcr die Str\u00f6mungsumkehr und den Str\u00f6mungsmischeffekt verwendet werden. Mit elektrischem Antrieb und pneumatischem Antrieb zur automatischen Steuerung.<\/p>\n","protected":false},"featured_media":3105,"comment_status":"closed","ping_status":"closed","template":"","meta":{"_et_pb_use_builder":"","_et_pb_old_content":"","_et_gb_content_width":""},"product_cat":[172,164,154],"product_tag":[],"_links":{"self":[{"href":"https:\/\/trgovina.servingdoo.si\/de\/wp-json\/wp\/v2\/product\/3131"}],"collection":[{"href":"https:\/\/trgovina.servingdoo.si\/de\/wp-json\/wp\/v2\/product"}],"about":[{"href":"https:\/\/trgovina.servingdoo.si\/de\/wp-json\/wp\/v2\/types\/product"}],"replies":[{"embeddable":true,"href":"https:\/\/trgovina.servingdoo.si\/de\/wp-json\/wp\/v2\/comments?post=3131"}],"wp:featuredmedia":[{"embeddable":true,"href":"https:\/\/trgovina.servingdoo.si\/de\/wp-json\/wp\/v2\/media\/3105"}],"wp:attachment":[{"href":"https:\/\/trgovina.servingdoo.si\/de\/wp-json\/wp\/v2\/media?parent=3131"}],"wp:term":[{"taxonomy":"product_cat","embeddable":true,"href":"https:\/\/trgovina.servingdoo.si\/de\/wp-json\/wp\/v2\/product_cat?post=3131"},{"taxonomy":"product_tag","embeddable":true,"href":"https:\/\/trgovina.servingdoo.si\/de\/wp-json\/wp\/v2\/product_tag?post=3131"}],"curies":[{"name":"wp","href":"https:\/\/api.w.org\/{rel}","templated":true}]}}