{"id":3129,"date":"2022-09-23T11:45:35","date_gmt":"2022-09-23T11:45:35","guid":{"rendered":"https:\/\/servingshop.elevate.si\/izdelek\/kunststoff-kugelhaehne\/"},"modified":"2022-09-23T11:45:35","modified_gmt":"2022-09-23T11:45:35","slug":"kunststoff-kugelhahne","status":"publish","type":"product","link":"https:\/\/trgovina.servingdoo.si\/de\/izdelek\/kunststoff-kugelhahne\/","title":{"rendered":"Kunststoff-Kugelh\u00e4hne"},"content":{"rendered":"<h2>Technische Standardparameter:<\/h2>\n<h3>Ventilk\u00f6rper:<\/h3>\n<p>Nennweite: DN15-DN100 Geh\u00e4usematerial: UPVC, PPH, CPVC, PP, PVDF<br \/>\nAnschluss: Gewindemutter, Flansch<br \/>\nDruckklasse: PN1.0-PN1.6MPa<br \/>\nAufbau: Dreiwege, normal<\/p>\n<h3>Konstruktions- und Fertigungsstandards:<\/h3>\n<p>Design und Herstellung: API609 EN593<br \/>\nVerbindungsstandard: ISO5272 EN558-1<br \/>\nDruckpr\u00fcfung: ISO5208 API598<\/p>\n<h3>Ventilkomponenten:<\/h3>\n<p>Dichtung: PTFE<br \/>\nKernmaterial: UPVC, PPH, CPVC, PP, PVDF<br \/>\nStammmaterial: 304, SS410<br \/>\nAnwendbares Medium: Wasser, Fl\u00fcssigkeit, Gas, \u00d6l, S\u00e4ure und Lauge<\/p>\n","protected":false},"excerpt":{"rendered":"<p>Kunststoff-Kugelh\u00e4hne nach Wahl verschiedener Medien und geeigneter Materialien zeichnen sie sich durch geringe Gr\u00f6\u00dfe, geringes Gewicht, starke Korrosionsbest\u00e4ndigkeit aus. Die Struktur besteht aus einem Ventilk\u00f6rper und beiden Enden des Verbindungsst\u00fccks, das an die Rohrleitung geklebt oder hei\u00dfgeschwei\u00dft werden kann, es ist bequem f\u00fcr Demontage und Reparaturen. Sie sind in Direkttyp und Dreiwegetyp unterteilt.<\/p>\n","protected":false},"featured_media":3110,"comment_status":"closed","ping_status":"closed","template":"","meta":{"_et_pb_use_builder":"","_et_pb_old_content":"","_et_gb_content_width":""},"product_cat":[164,168,154],"product_tag":[],"_links":{"self":[{"href":"https:\/\/trgovina.servingdoo.si\/de\/wp-json\/wp\/v2\/product\/3129"}],"collection":[{"href":"https:\/\/trgovina.servingdoo.si\/de\/wp-json\/wp\/v2\/product"}],"about":[{"href":"https:\/\/trgovina.servingdoo.si\/de\/wp-json\/wp\/v2\/types\/product"}],"replies":[{"embeddable":true,"href":"https:\/\/trgovina.servingdoo.si\/de\/wp-json\/wp\/v2\/comments?post=3129"}],"wp:featuredmedia":[{"embeddable":true,"href":"https:\/\/trgovina.servingdoo.si\/de\/wp-json\/wp\/v2\/media\/3110"}],"wp:attachment":[{"href":"https:\/\/trgovina.servingdoo.si\/de\/wp-json\/wp\/v2\/media?parent=3129"}],"wp:term":[{"taxonomy":"product_cat","embeddable":true,"href":"https:\/\/trgovina.servingdoo.si\/de\/wp-json\/wp\/v2\/product_cat?post=3129"},{"taxonomy":"product_tag","embeddable":true,"href":"https:\/\/trgovina.servingdoo.si\/de\/wp-json\/wp\/v2\/product_tag?post=3129"}],"curies":[{"name":"wp","href":"https:\/\/api.w.org\/{rel}","templated":true}]}}