{"id":3127,"date":"2022-09-23T11:51:00","date_gmt":"2022-09-23T11:51:00","guid":{"rendered":"https:\/\/servingshop.elevate.si\/izdelek\/die-v-kugelhaehne\/"},"modified":"2022-09-23T11:51:00","modified_gmt":"2022-09-23T11:51:00","slug":"die-v-kugelhahne","status":"publish","type":"product","link":"https:\/\/trgovina.servingdoo.si\/de\/izdelek\/die-v-kugelhahne\/","title":{"rendered":"Die V-Kugelh\u00e4hne"},"content":{"rendered":"<h2>Technische Standardparameter:<\/h2>\n<h3>Ventilk\u00f6rper:<\/h3>\n<p>Nennweite: DN25-DN100<br \/>\nGeh\u00e4usematerial: WCB, 304, 316, 316L<br \/>\nFlanschtyp DN25-DN500<br \/>\nDruckklasse: PN1.6-4.0MPa<\/p>\n<h3>Struktur<\/h3>\n<p>Kern mit feststehender Kugel<\/p>\n<h3>Konstruktions- und Fertigungsstandards:<\/h3>\n<p>Design und Herstellung: GB\/T12237\/1989, ASME B16.10, API608<br \/>\nStrukturl\u00e4nge: GB\/T12221, ASME B16.10 Anschlussgr\u00f6\u00dfe: GB9113.1, ASME B16.5<br \/>\nProbepr\u00fcfung: GB\/T13927-1992, API598, API6D<\/p>\n<h3>Ventilkomponenten:<\/h3>\n<p>Sitzdichtung: PTFE, legierter Stahl (Hartlegierung zum Fl\u00e4chenschwei\u00dfen, Chrom, Wolframnitrid)<br \/>\nKernmaterial: 304.316, 316L (Oberfl\u00e4chenh\u00e4rtungsbehandlung: Wolframnitrid, verchromt)<br \/>\nStammmaterial: 17-4PH<br \/>\nGeeignete Medien: Wasser, \u00d6l, feste Partikel und faserige Medien<\/p>\n","protected":false},"excerpt":{"rendered":"<p>Der V-Kugelhahn ist ein kugelf\u00f6rmiger Kernkanal, der auf eine offene \u201eV\u201c-Form des Ventils mit genauer Durchflusscharakteristik und Steuerfunktion ausgelegt ist. Durch 0-90 Grad Drehung, um die Einstellung der Durchflussrate zu erreichen. Keine Spielreibung zwischen Ventilsitz und Kugeloberfl\u00e4che, mit ausgezeichneter Scherkraft und Selbstreinigungsf\u00e4higkeit, besonders geeignet f\u00fcr fl\u00fcssige Medien mit Fasern oder mit kleinen Partikeln.<\/p>\n","protected":false},"featured_media":3114,"comment_status":"closed","ping_status":"closed","template":"","meta":{"_et_pb_use_builder":"","_et_pb_old_content":"","_et_gb_content_width":""},"product_cat":[170,164,154],"product_tag":[],"_links":{"self":[{"href":"https:\/\/trgovina.servingdoo.si\/de\/wp-json\/wp\/v2\/product\/3127"}],"collection":[{"href":"https:\/\/trgovina.servingdoo.si\/de\/wp-json\/wp\/v2\/product"}],"about":[{"href":"https:\/\/trgovina.servingdoo.si\/de\/wp-json\/wp\/v2\/types\/product"}],"replies":[{"embeddable":true,"href":"https:\/\/trgovina.servingdoo.si\/de\/wp-json\/wp\/v2\/comments?post=3127"}],"wp:featuredmedia":[{"embeddable":true,"href":"https:\/\/trgovina.servingdoo.si\/de\/wp-json\/wp\/v2\/media\/3114"}],"wp:attachment":[{"href":"https:\/\/trgovina.servingdoo.si\/de\/wp-json\/wp\/v2\/media?parent=3127"}],"wp:term":[{"taxonomy":"product_cat","embeddable":true,"href":"https:\/\/trgovina.servingdoo.si\/de\/wp-json\/wp\/v2\/product_cat?post=3127"},{"taxonomy":"product_tag","embeddable":true,"href":"https:\/\/trgovina.servingdoo.si\/de\/wp-json\/wp\/v2\/product_tag?post=3127"}],"curies":[{"name":"wp","href":"https:\/\/api.w.org\/{rel}","templated":true}]}}