{"id":3159,"date":"2022-07-29T10:40:11","date_gmt":"2022-07-29T10:40:11","guid":{"rendered":"https:\/\/servingshop.elevate.si\/datenschutzrichtlinie-und-cookies\/"},"modified":"2022-09-28T15:10:19","modified_gmt":"2022-09-28T15:10:19","slug":"datenschutzrichtlinie-und-cookies","status":"publish","type":"page","link":"https:\/\/trgovina.servingdoo.si\/de\/datenschutzrichtlinie-und-cookies\/","title":{"rendered":"Datenschutzrichtlinie und Cookies"},"content":{"rendered":"<p>[et_pb_section fb_built=&#8221;1&#8243; admin_label=&#8221;Submenus&#8221; module_class=&#8221;pageSubmenus&#8221; _builder_version=&#8221;4.17.4&#8243; _module_preset=&#8221;default&#8221; custom_margin=&#8221;0px||0px||false|false&#8221; custom_padding=&#8221;0px||0px||false|false&#8221; global_module=&#8221;1068&#8243; saved_tabs=&#8221;all&#8221; locked=&#8221;off&#8221; global_colors_info=&#8221;{}&#8221;][et_pb_row admin_label=&#8221;Row&#8221; _builder_version=&#8221;4.17.4&#8243; _module_preset=&#8221;default&#8221; custom_css_main_element=&#8221;width: 100%;||padding: 0 30px;||max-width: 100%;&#8221; global_colors_info=&#8221;{}&#8221;][et_pb_column type=&#8221;4_4&#8243; _builder_version=&#8221;4.17.4&#8243; _module_preset=&#8221;default&#8221; global_colors_info=&#8221;{}&#8221;][et_pb_sidebar _builder_version=&#8221;4.17.0&#8243; _module_preset=&#8221;default&#8221; global_colors_info=&#8221;{}&#8221;][\/et_pb_sidebar][\/et_pb_column][\/et_pb_row][\/et_pb_section][et_pb_section fb_built=&#8221;1&#8243; admin_label=&#8221;Naslov strani&#8221; _builder_version=&#8221;4.18.0&#8243; _module_preset=&#8221;default&#8221; background_color=&#8221;#f8f8f8&#8243; custom_padding=&#8221;40px||40px||false|false&#8221; global_colors_info=&#8221;{}&#8221; locked=&#8221;off&#8221;][et_pb_row _builder_version=&#8221;4.18.0&#8243; _module_preset=&#8221;default&#8221; global_colors_info=&#8221;{}&#8221;][et_pb_column type=&#8221;4_4&#8243; _builder_version=&#8221;4.18.0&#8243; _module_preset=&#8221;default&#8221; global_colors_info=&#8221;{}&#8221;][et_pb_post_title meta=&#8221;off&#8221; featured_image=&#8221;off&#8221; _builder_version=&#8221;4.18.0&#8243; _module_preset=&#8221;default&#8221; title_font=&#8221;|700||on|||||&#8221; title_text_align=&#8221;center&#8221; text_orientation=&#8221;center&#8221; global_colors_info=&#8221;{}&#8221;][\/et_pb_post_title][\/et_pb_column][\/et_pb_row][\/et_pb_section][et_pb_section fb_built=&#8221;1&#8243; _builder_version=&#8221;4.17.4&#8243; _module_preset=&#8221;default&#8221; global_colors_info=&#8221;{}&#8221;][et_pb_row _builder_version=&#8221;4.17.0&#8243; _module_preset=&#8221;default&#8221; global_colors_info=&#8221;{}&#8221;][et_pb_column type=&#8221;4_4&#8243; _builder_version=&#8221;4.17.0&#8243; _module_preset=&#8221;default&#8221; global_colors_info=&#8221;{}&#8221;][et_pb_text _builder_version=&#8221;4.18.0&#8243; _module_preset=&#8221;default&#8221; hover_enabled=&#8221;0&#8243; global_colors_info=&#8221;{}&#8221; sticky_enabled=&#8221;0&#8243;]<\/p>\n<h1><strong>Sicherheit und Datenschutz<\/strong><\/h1>\n<h2>Sicherheit<\/h2>\n<p>Wir setzen geeignete technische und organisatorische Mittel ein, um die \u00dcbermittlung und Speicherung von personenbezogenen Daten und Zahlungen zu sch\u00fctzen. Die Kartendaten und die Zugangsdaten zum Bezahlsystem werden nicht auf dem Server des Online-Shops gespeichert, sind ordnungsgem\u00e4\u00df verschl\u00fcsselt und k\u00f6nnen von Dritten nicht gelesen werden.<\/p>\n<h3><strong>Schutz von personenbezogenen Daten<\/strong><\/h3>\n<p>Serving d.o.o. verpflichtet sich, alle pers\u00f6nlichen Daten des Benutzers gem\u00e4\u00df ZVOP-1 dauerhaft zu sch\u00fctzen. Website auf unbestimmte Zeit oder. die folgenden Daten der Nutzer des Online-Shops bis zum Widerruf durch den einzelnen Nutzer zu speichern: Vor- und Nachname, E-Mail-Adresse, Kontakttelefonnummer, Haupt- und Lieferanschrift, Land des Wohnsitzes, Uhrzeit und Datum der Registrierung (wenn die Registrierung aktiviert ist) und Archiv der Kommunikation.<\/p>\n<p>Wir verwenden die angegebenen personenbezogenen Daten ausschlie\u00dflich zum Zwecke der Auftragsabwicklung (Zusendung von Informationsmaterial, Angeboten, Rechnungen) und der sonstigen notwendigen Kommunikation mit den registrierten Nutzern des Online-Shops. Unter keinen Umst\u00e4nden werden die Nutzerdaten an Unbefugte weitergegeben. Alle vertraulichen Daten, die online \u00fcbermittelt werden (personenbezogene Daten, Kaufdaten und Zahlungskartennummern), werden ordnungsgem\u00e4\u00df verschl\u00fcsselt, so dass sie von Dritten nicht gelesen werden k\u00f6nnen.<\/p>\n<p>Bei nicht registrierten Gastnutzern speichern wir bis zur Erf\u00fcllung der Bestellung folgende Daten: Vor- und Nachname, E-Mail-Adresse, Kontakttelefonnummer, Haupt- und Lieferadresse, Land des Wohnsitzes, Uhrzeit und Datum der Registrierung und ein Archiv der Kommunikation.<\/p>\n<p>Es liegt auch in der Verantwortung des Nutzers, seine pers\u00f6nlichen Daten zu sch\u00fctzen, indem er f\u00fcr die Sicherheit seiner E-Mail-Adresse, seines Benutzernamens und seines Passworts sorgt und geeignete Software (Antivirus) zum Schutz seines Computers verwendet.<\/p>\n<h3><strong>L\u00f6schung der Registrierung<\/strong><\/h3>\n<p>Die Registrierung im Online-Shop ist generell deaktiviert. Wenn die Registrierung aktiviert ist und Sie Ihre Registrierung in &#8220;Mein Konto&#8221; l\u00f6schen m\u00f6chten, senden Sie bitte eine E-Mail an info@servingdoo.si. Wir werden uns mit Ihnen in Verbindung setzen, um die Echtheit Ihrer Angaben zu \u00fcberpr\u00fcfen und die L\u00f6schung Ihrer Anmeldung zu best\u00e4tigen. Der Antrag auf L\u00f6schung der Registrierung muss von der E-Mail-Adresse gesendet werden, mit der das Benutzerkonto erstellt wurde. Wir werden Ihre personenbezogenen Daten innerhalb von 15 Tagen nach Erhalt Ihres Antrags auf L\u00f6schung Ihrer Registrierung l\u00f6schen und Sie davon in Kenntnis setzen.<\/p>\n<h2>Cookies<\/h2>\n<p>Cookies sind kleine Textdateien, die die meisten Websites auf den Ger\u00e4ten der Nutzer speichern, mit denen sie auf das Internet zugreifen, um die einzelnen Ger\u00e4te zu identifizieren, mit denen die Nutzer auf das Internet zugegriffen haben. Ihre Speicherung unterliegt der vollen Kontrolle des vom Nutzer verwendeten Browsers, der die Speicherung von Cookies einschr\u00e4nken oder deaktivieren kann, wenn er dies w\u00fcnscht.<\/p>\n<h3><strong>Warum sind<\/strong><strong> Cookies notwendig?<\/strong><\/h3>\n<p>Cookies sind f\u00fcr die Bereitstellung benutzerfreundlicher Online-Dienste unerl\u00e4sslich. Die g\u00e4ngigsten Funktionen des elektronischen Handels w\u00e4ren ohne Cookies nicht m\u00f6glich. Cookies machen die Interaktion zwischen dem Webnutzer und der Website schneller und einfacher. Sie helfen der Website, sich an die Vorlieben und Erfahrungen des Nutzers zu erinnern, was Zeit spart und das Surfen effizienter und angenehmer macht. Cookies werden von den meisten Websites verwendet und sind ein bequemes Mittel, um den Inhalt aktuell und relevant f\u00fcr die Interessen und Vorlieben des einzelnen Internetnutzers zu halten. Es gibt mehrere Gr\u00fcnde f\u00fcr die Verwendung von Cookies. Der erste ist ihre F\u00e4higkeit, Informationen \u00fcber den Zustand einer bestimmten Website zu speichern (Details \u00fcber die Anpassung einer bestimmten Website), bei der Implementierung verschiedener Online-Dienste (Online-Shops) zu helfen, bei der Sammlung verschiedener Statistiken \u00fcber die Gewohnheiten der Webnutzer zu helfen &#8211; denn nur mit diesen Cookies kann die H\u00e4ufigkeit der Besuche auf einer bestimmten Website \u00fcberwacht werden. Unternehmen k\u00f6nnen Cookies verwenden, um die Wirksamkeit ihres Website-Designs sowie die Relevanz der Art und Anzahl der Anzeigen, die sie den Nutzern auf ihren Websites schalten, zu bewerten.<\/p>\n<h3><strong>Welche<\/strong> Informationen<strong> enth\u00e4lt die Website?<\/strong><\/h3>\n<table class=\"cookielawinfo-row-cat-table cookielawinfo-classic\"><thead><tr><th class=\"cookielawinfo-column-1\">Cookie<\/th><th class=\"cookielawinfo-column-4\">Description<\/th><\/tr><\/thead><tbody><tr class=\"cookielawinfo-row\"><td class=\"cookielawinfo-column-1\">CONSENT<\/td><td class=\"cookielawinfo-column-4\">YouTube setzt dieses Cookie \u00fcber eingebettete YouTube-Videos und registriert anonyme statistische Daten.<\/td><\/tr><\/tbody><\/table>\n<h3>Welche personenbezogenen Daten wir speichern und wie Sie sie \u00e4ndern k\u00f6nnen<\/h3>\n<p>Sie k\u00f6nnen einen Bericht \u00fcber Ihre pers\u00f6nlichen Daten erhalten, indem Sie uns eine E-Mail an info@servingdoo.si schicken.<\/p>\n<h3><strong>Haftungsausschluss<\/strong><\/h3>\n<p>Die auf den Seiten des Serving-Webshops ver\u00f6ffentlichten Inhalte d\u00fcrfen nur f\u00fcr nicht-kommerzielle Zwecke verwendet und vervielf\u00e4ltigt werden, wobei alle oben genannten Urheberrechtsvermerke zu beachten sind. Serving d.o.o. sorgt daf\u00fcr, dass der Inhalt seiner Websites so aktuell und genau wie m\u00f6glich ist, gibt jedoch keine Zusicherungen oder Garantien in Bezug auf die Aktualit\u00e4t und\/oder Genauigkeit. Alle Nutzer verwenden alle ver\u00f6ffentlichten Inhalte auf eigenes Risiko.<\/p>\n<p>Serving d.o.o. oder jede andere juristische oder nat\u00fcrliche Person, die an der Erstellung und Produktion des Serving-Webshops beteiligt ist, haftet nicht f\u00fcr Sch\u00e4den, die aus dem Zugang zur Nutzung oder der Unm\u00f6glichkeit der Nutzung der Informationen auf den Webseiten des Serving-Webshops oder f\u00fcr technische Fehler entstehen. Wir bem\u00fchen uns, f\u00fcr alle Produkte im Serving-Onlineshop entsprechende Bilder bereitzustellen. Eventuelle Unterschiede zwischen den Farbabweichungen und den tats\u00e4chlichen Produkten haben keinen Einfluss auf die Leistung des Produkts. Wir akzeptieren die M\u00f6glichkeit von Ungenauigkeiten in den Daten, Bildern, Texten, Audio- und Videomaterialien im Serving Online Shop. F\u00fcr genauere Beschreibungen und Informationen wenden Sie sich bitte an uns oder direkt an den Produkthersteller. Im Falle von M\u00e4ngeln erm\u00f6glichen wir Ihnen, auf unsere Kosten vom Vertrag zur\u00fcckzutreten.<\/p>\n<p>Serving d.o.o. beh\u00e4lt sich das Recht vor, die Bedingungen des Serving-Online-Shops jederzeit, auf jede Weise und ohne vorherige Ank\u00fcndigung zu \u00e4ndern.<\/p>\n<p>[\/et_pb_text][\/et_pb_column][\/et_pb_row][\/et_pb_section]<\/p>\n","protected":false},"excerpt":{"rendered":"<p>Sicherheit und Datenschutz Sicherheit Wir setzen geeignete technische und organisatorische Mittel ein, um die \u00dcbermittlung und Speicherung von personenbezogenen Daten und Zahlungen zu sch\u00fctzen. Die Kartendaten und die Zugangsdaten zum Bezahlsystem werden nicht auf dem Server des Online-Shops gespeichert, sind ordnungsgem\u00e4\u00df verschl\u00fcsselt und k\u00f6nnen von Dritten nicht gelesen werden. Schutz von personenbezogenen Daten Serving d.o.o. [&hellip;]<\/p>\n","protected":false},"author":1,"featured_media":0,"parent":0,"menu_order":0,"comment_status":"closed","ping_status":"closed","template":"","meta":{"_et_pb_use_builder":"on","_et_pb_old_content":"","_et_gb_content_width":""},"_links":{"self":[{"href":"https:\/\/trgovina.servingdoo.si\/de\/wp-json\/wp\/v2\/pages\/3159"}],"collection":[{"href":"https:\/\/trgovina.servingdoo.si\/de\/wp-json\/wp\/v2\/pages"}],"about":[{"href":"https:\/\/trgovina.servingdoo.si\/de\/wp-json\/wp\/v2\/types\/page"}],"author":[{"embeddable":true,"href":"https:\/\/trgovina.servingdoo.si\/de\/wp-json\/wp\/v2\/users\/1"}],"replies":[{"embeddable":true,"href":"https:\/\/trgovina.servingdoo.si\/de\/wp-json\/wp\/v2\/comments?post=3159"}],"version-history":[{"count":2,"href":"https:\/\/trgovina.servingdoo.si\/de\/wp-json\/wp\/v2\/pages\/3159\/revisions"}],"predecessor-version":[{"id":3161,"href":"https:\/\/trgovina.servingdoo.si\/de\/wp-json\/wp\/v2\/pages\/3159\/revisions\/3161"}],"wp:attachment":[{"href":"https:\/\/trgovina.servingdoo.si\/de\/wp-json\/wp\/v2\/media?parent=3159"}],"curies":[{"name":"wp","href":"https:\/\/api.w.org\/{rel}","templated":true}]}}