{"id":3146,"date":"2022-09-23T06:45:40","date_gmt":"2022-09-23T06:45:40","guid":{"rendered":"https:\/\/servingshop.elevate.si\/anfragekorb\/"},"modified":"2022-10-06T13:05:01","modified_gmt":"2022-10-06T13:05:01","slug":"anfragekorb","status":"publish","type":"page","link":"https:\/\/trgovina.servingdoo.si\/de\/anfragekorb\/","title":{"rendered":"Anfragekorb"},"content":{"rendered":"<p>[et_pb_section fb_built=&#8221;1&#8243; admin_label=&#8221;Naslov strani&#8221; _builder_version=&#8221;4.18.0&#8243; _module_preset=&#8221;default&#8221; background_color=&#8221;#f8f8f8&#8243; custom_padding=&#8221;40px||40px||false|false&#8221; locked=&#8221;off&#8221; global_colors_info=&#8221;{}&#8221;][et_pb_row _builder_version=&#8221;4.18.0&#8243; _module_preset=&#8221;default&#8221; global_colors_info=&#8221;{}&#8221;][et_pb_column type=&#8221;4_4&#8243; _builder_version=&#8221;4.18.0&#8243; _module_preset=&#8221;default&#8221; global_colors_info=&#8221;{}&#8221;][et_pb_post_title meta=&#8221;off&#8221; featured_image=&#8221;off&#8221; _builder_version=&#8221;4.18.0&#8243; _module_preset=&#8221;default&#8221; title_font=&#8221;|700||on|||||&#8221; title_text_align=&#8221;center&#8221; text_orientation=&#8221;center&#8221; global_colors_info=&#8221;{}&#8221;][\/et_pb_post_title][\/et_pb_column][\/et_pb_row][\/et_pb_section][et_pb_section fb_built=&#8221;1&#8243; admin_label=&#8221;section&#8221; _builder_version=&#8221;4.16&#8243; global_colors_info=&#8221;{}&#8221;][et_pb_row admin_label=&#8221;row&#8221; _builder_version=&#8221;4.16&#8243; background_size=&#8221;initial&#8221; background_position=&#8221;top_left&#8221; background_repeat=&#8221;repeat&#8221; global_colors_info=&#8221;{}&#8221;][et_pb_column type=&#8221;4_4&#8243; _builder_version=&#8221;4.16&#8243; custom_padding=&#8221;|||&#8221; global_colors_info=&#8221;{}&#8221; custom_padding__hover=&#8221;|||&#8221;][et_pb_text admin_label=&#8221;Text&#8221; _builder_version=&#8221;4.18.0&#8243; background_size=&#8221;initial&#8221; background_position=&#8221;top_left&#8221; background_repeat=&#8221;repeat&#8221; hover_enabled=&#8221;0&#8243; global_colors_info=&#8221;{}&#8221; sticky_enabled=&#8221;0&#8243;]<\/p>\n<p>Wir versichern Ihnen, dass wir die hier erhobenen personenbezogenen Daten ausschlie\u00dflich zum Zweck der Beantwortung verwenden und gem\u00e4\u00df geltendem Recht und unserer <a href=\"\/de\/datenschutzrichtlinie-und-cookies\/\">Datenschutzerkl\u00e4rung<\/a> behandeln.<\/p>\n<p><span>Mit dem Absenden des Formulars stimmen Sie den <a href=\"\/geschaftsbedingungen\">Gesch\u00e4ftsbedingungen<\/a> zu.<\/span><\/p>\n<p><span>\u00a0<\/span><\/p>\n<div class=\"woocommerce\" id=\"pi-enquiry-container\">\n<table class=\"shop_table shop_table_responsive cart woocommerce-cart-form__contents\" cellspacing=\"0\">\n\t\t<thead>\n\t\t\t<tr>\n\t\t\t\t<th class=\"product-remove\">&nbsp;<\/th>\n\t\t\t\t<th class=\"product-thumbnail\">&nbsp;<\/th>\n\t\t\t\t<th class=\"product-name\">Product<\/th>\n\t\t\t\t\t\t\t\t<th class=\"product-price\">Price<\/th>\n\t\t\t\t\t\t\t\t<th class=\"product-quantity\">Quantity<\/th>\n\t\t\t\t<th class=\"product-subtotal\">Message<\/th>\n\t\t\t<\/tr>\n\t\t<\/thead>\n        <tbody id=\"pi-enquiry-list-row\">\n                <\/tbody>\n<\/table>\n<form method=\"post\" id=\"pi-eqw-enquiry-form\"><div class=\"pi-row\"><div class=\"pi-col-12\"><input type=\"text\" name=\"pi_name\" required placeholder=\"Name\" class=\"pi-form-control\"     data-msg-required=\"Dies ist ein Pflichtfeld.\" \/><\/div><\/div><div class=\"pi-row\"><div class=\"pi-col-12\"><input type=\"email\" name=\"pi_email\" required placeholder=\"E-Mail\" class=\"pi-form-control\"   data-msg-required=\"Dies ist ein Pflichtfeld.\"  data-msg-email=\"Bitte gib eine g\u00fcltige E-Mail-Adresse ein\" \/><\/div><\/div><div class=\"pi-row\"><div class=\"pi-col-12\"><input type=\"text\" name=\"pi_phone\" required placeholder=\"Telefon\" class=\"pi-form-control\"   data-rule-digits    data-msg-digits=\"Bitte nur Nummern eingeben.\"  data-msg-required=\"Dies ist ein Pflichtfeld.\" \/><\/div><\/div><div class=\"pi-row\"><div class=\"pi-col-12\"><input type=\"text\" name=\"pi_subject\" required placeholder=\"Betreff\" class=\"pi-form-control\"     data-msg-required=\"Dies ist ein Pflichtfeld.\" \/><\/div><\/div><div class=\"pi-row\"><div class=\"pi-col-12\"><textarea name=\"pi_message\" required placeholder=\"Nachricht\" class=\"pi-form-control\"  data-msg-required=\"Dies ist ein Pflichtfeld.\" ><\/textarea><\/div><\/div><div class=\"pi-row\"><div class=\"pi-col-12\"><input type=\"submit\" value=\"Anfrage senden\" class=\"pi-btn pi-btn-primary pi-submit-enq-button\" \/><\/div><\/div><\/form><\/div>\n\n<p>[\/et_pb_text][\/et_pb_column][\/et_pb_row][\/et_pb_section]<\/p>\n","protected":false},"excerpt":{"rendered":"<p>Wir versichern Ihnen, dass wir die hier erhobenen personenbezogenen Daten ausschlie\u00dflich zum Zweck der Beantwortung verwenden und gem\u00e4\u00df geltendem Recht und unserer Datenschutzerkl\u00e4rung behandeln. Mit dem Absenden des Formulars stimmen Sie den Gesch\u00e4ftsbedingungen zu. \u00a0 <div class=\"woocommerce\" id=\"pi-enquiry-container\">\n<table class=\"shop_table shop_table_responsive cart woocommerce-cart-form__contents\" cellspacing=\"0\">\n\t\t<thead>\n\t\t\t<tr>\n\t\t\t\t<th class=\"product-remove\">&nbsp;<\/th>\n\t\t\t\t<th class=\"product-thumbnail\">&nbsp;<\/th>\n\t\t\t\t<th class=\"product-name\">Product<\/th>\n\t\t\t\t\t\t\t\t<th class=\"product-price\">Price<\/th>\n\t\t\t\t\t\t\t\t<th class=\"product-quantity\">Quantity<\/th>\n\t\t\t\t<th class=\"product-subtotal\">Message<\/th>\n\t\t\t<\/tr>\n\t\t<\/thead>\n        <tbody id=\"pi-enquiry-list-row\">\n                <\/tbody>\n<\/table>\n<form method=\"post\" id=\"pi-eqw-enquiry-form\"><div class=\"pi-row\"><div class=\"pi-col-12\"><input type=\"text\" name=\"pi_name\" required placeholder=\"Name\" class=\"pi-form-control\"     data-msg-required=\"Dies ist ein Pflichtfeld.\" \/><\/div><\/div><div class=\"pi-row\"><div class=\"pi-col-12\"><input type=\"email\" name=\"pi_email\" required placeholder=\"E-Mail\" class=\"pi-form-control\"   data-msg-required=\"Dies ist ein Pflichtfeld.\"  data-msg-email=\"Bitte gib eine g\u00fcltige E-Mail-Adresse ein\" \/><\/div><\/div><div class=\"pi-row\"><div class=\"pi-col-12\"><input type=\"text\" name=\"pi_phone\" required placeholder=\"Telefon\" class=\"pi-form-control\"   data-rule-digits    data-msg-digits=\"Bitte nur Nummern eingeben.\"  data-msg-required=\"Dies ist ein Pflichtfeld.\" \/><\/div><\/div><div class=\"pi-row\"><div class=\"pi-col-12\"><input type=\"text\" name=\"pi_subject\" required placeholder=\"Betreff\" class=\"pi-form-control\"     data-msg-required=\"Dies ist ein Pflichtfeld.\" \/><\/div><\/div><div class=\"pi-row\"><div class=\"pi-col-12\"><textarea name=\"pi_message\" required placeholder=\"Nachricht\" class=\"pi-form-control\"  data-msg-required=\"Dies ist ein Pflichtfeld.\" ><\/textarea><\/div><\/div><div class=\"pi-row\"><div class=\"pi-col-12\"><input type=\"submit\" value=\"Anfrage senden\" class=\"pi-btn pi-btn-primary pi-submit-enq-button\" \/><\/div><\/div><\/form><\/div>\n<\/p>\n","protected":false},"author":1,"featured_media":0,"parent":0,"menu_order":0,"comment_status":"closed","ping_status":"closed","template":"","meta":{"_et_pb_use_builder":"on","_et_pb_old_content":"","_et_gb_content_width":""},"_links":{"self":[{"href":"https:\/\/trgovina.servingdoo.si\/de\/wp-json\/wp\/v2\/pages\/3146"}],"collection":[{"href":"https:\/\/trgovina.servingdoo.si\/de\/wp-json\/wp\/v2\/pages"}],"about":[{"href":"https:\/\/trgovina.servingdoo.si\/de\/wp-json\/wp\/v2\/types\/page"}],"author":[{"embeddable":true,"href":"https:\/\/trgovina.servingdoo.si\/de\/wp-json\/wp\/v2\/users\/1"}],"replies":[{"embeddable":true,"href":"https:\/\/trgovina.servingdoo.si\/de\/wp-json\/wp\/v2\/comments?post=3146"}],"version-history":[{"count":6,"href":"https:\/\/trgovina.servingdoo.si\/de\/wp-json\/wp\/v2\/pages\/3146\/revisions"}],"predecessor-version":[{"id":3264,"href":"https:\/\/trgovina.servingdoo.si\/de\/wp-json\/wp\/v2\/pages\/3146\/revisions\/3264"}],"wp:attachment":[{"href":"https:\/\/trgovina.servingdoo.si\/de\/wp-json\/wp\/v2\/media?parent=3146"}],"curies":[{"name":"wp","href":"https:\/\/api.w.org\/{rel}","templated":true}]}}