{"id":3024,"date":"2022-08-17T05:40:40","date_gmt":"2022-08-17T05:40:40","guid":{"rendered":"https:\/\/trgovina.power.si\/elektronischen-geschaeftsverkehrs\/"},"modified":"2022-09-29T13:29:47","modified_gmt":"2022-09-29T13:29:47","slug":"elektronischen-geschaftsverkehrs","status":"publish","type":"page","link":"https:\/\/trgovina.servingdoo.si\/de\/elektronischen-geschaftsverkehrs\/","title":{"rendered":"Digitale Transformation"},"content":{"rendered":"<p>[et_pb_section fb_built=&#8221;1&#8243; admin_label=&#8221;Naslov strani&#8221; _builder_version=&#8221;4.18.0&#8243; _module_preset=&#8221;default&#8221; background_color=&#8221;#f8f8f8&#8243; custom_padding=&#8221;40px||40px||false|false&#8221; global_colors_info=&#8221;{}&#8221; theme_builder_area=&#8221;post_content&#8221;][et_pb_row _builder_version=&#8221;4.18.0&#8243; _module_preset=&#8221;default&#8221; global_colors_info=&#8221;{}&#8221; theme_builder_area=&#8221;post_content&#8221;][et_pb_column type=&#8221;4_4&#8243; _builder_version=&#8221;4.18.0&#8243; _module_preset=&#8221;default&#8221; global_colors_info=&#8221;{}&#8221; theme_builder_area=&#8221;post_content&#8221;][et_pb_post_title meta=&#8221;off&#8221; featured_image=&#8221;off&#8221; _builder_version=&#8221;4.18.0&#8243; _module_preset=&#8221;default&#8221; title_font=&#8221;|700||on|||||&#8221; title_text_align=&#8221;center&#8221; text_orientation=&#8221;center&#8221; global_colors_info=&#8221;{}&#8221; theme_builder_area=&#8221;post_content&#8221;][\/et_pb_post_title][\/et_pb_column][\/et_pb_row][\/et_pb_section][et_pb_section fb_built=&#8221;1&#8243; admin_label=&#8221;Vsebina&#8221; _builder_version=&#8221;4.18.0&#8243; _module_preset=&#8221;default&#8221; locked=&#8221;off&#8221; global_colors_info=&#8221;{}&#8221; theme_builder_area=&#8221;post_content&#8221;][et_pb_row column_structure=&#8221;2_5,3_5&#8243; _builder_version=&#8221;4.18.0&#8243; _module_preset=&#8221;default&#8221; width=&#8221;70%&#8221; max_width=&#8221;1000px&#8221; global_colors_info=&#8221;{}&#8221; theme_builder_area=&#8221;post_content&#8221;][et_pb_column type=&#8221;2_5&#8243; _builder_version=&#8221;4.18.0&#8243; _module_preset=&#8221;default&#8221; global_colors_info=&#8221;{}&#8221; theme_builder_area=&#8221;post_content&#8221;][et_pb_image src=&#8221;https:\/\/trgovina.servingdoo.si\/wp-content\/uploads\/2022\/09\/nalozba-v-vaso-prihodnost.jpg&#8221; title_text=&#8221;nalozba-v-vaso-prihodnost&#8221; _builder_version=&#8221;4.18.0&#8243; _module_preset=&#8221;default&#8221; global_colors_info=&#8221;{}&#8221; theme_builder_area=&#8221;post_content&#8221;][\/et_pb_image][\/et_pb_column][et_pb_column type=&#8221;3_5&#8243; _builder_version=&#8221;4.18.0&#8243; _module_preset=&#8221;default&#8221; global_colors_info=&#8221;{}&#8221; theme_builder_area=&#8221;post_content&#8221;][et_pb_text _builder_version=&#8221;4.18.0&#8243; _module_preset=&#8221;default&#8221; global_colors_info=&#8221;{}&#8221; theme_builder_area=&#8221;post_content&#8221;]<\/p>\n<p>Der Zweck der Operation ist die Durchf\u00fchrung der digitalen Transformation des Unternehmens Serving d.o.o..<\/p>\n<p>Die Ziele der Operation sind:<\/p>\n<p>1. Durch B2B oder Digital Access Point (DAP), um die Benutzererfahrung f\u00fcr alle Prozessbeteiligten im Unternehmen zu verbessern.<\/p>\n<p>2. Einrichtung einer CDL (Centralized Data Layer) als Teil der Datenstrategie. Alle Daten werden an einem Ort gesammelt, gespeichert, archiviert, verarbeitet und stehen f\u00fcr die weitere Verwendung bereit.<\/p>\n<p>3. Digitalisieren Sie betriebliche Prozesse durch die Implementierung digitaler Inhalte. Auf diese Weise etablieren wir eine ma\u00dfgeschneiderte digitale L\u00f6sung, die alle Prozesse maximal optimiert und uns den minimalen Kosten des Produkts n\u00e4her bringt. Gleichzeitig werden wir unsere Produkte aufwerten und neue Dienstleistungen anbieten und so Produkte mit h\u00f6herem Mehrwert erhalten. Auch v\u00f6llig neue Gesch\u00e4ftsmodelle oder Finanzierungswege (Miete, Wartung etc.) werden die Folge sein.<\/p>\n<p>4. Neben der Nutzung digitaler Inhalte selbst ist das Ziel, die Nutzer digital aufzukl\u00e4ren, n\u00e4mlich jeder Prozess muss im Rahmen von Lean-Prozessen digital aufgekl\u00e4rt und vorangebracht werden.<\/p>\n<p>5. Gew\u00e4hrleisten Sie die Sicherheit von Daten im Unternehmen und Daten von Partnern mit Standardsicherheitsmethoden.<\/p>\n<p>6. Enthaltene Elemente von Industrie 4.0 liefern genauere Daten mit so wenig menschlichem Input wie m\u00f6glich.<\/p>\n<p>7. Ein innovatives Gesch\u00e4ftsmodell einf\u00fchren und ein neues innovatives Produkt mit h\u00f6herem Mehrwert entwickeln und dadurch den Innovationsgrad des Unternehmens erh\u00f6hen. Damit wird ein neues Kunden- und Partnersegment erreicht und eine hervorragende User Experience bzw. Customer Experience erreicht.<\/p>\n<p>Gesamtwert des Vorhabens: 198.253,60 EUR, f\u00f6rderf\u00e4hige Kosten: 168.998,00 EUR. Die Investition wird von der Republik Slowenien und der Europ\u00e4ischen Union aus dem Europ\u00e4ischen Fonds f\u00fcr regionale Entwicklung in H\u00f6he von bis zu 100.000,00 EUR kofinanziert. Weitere Informationen zur Koh\u00e4sionspolitik in Slowenien: www.eu-skladi.si.<\/p>\n<p>[\/et_pb_text][\/et_pb_column][\/et_pb_row][et_pb_row column_structure=&#8221;1_3,1_3,1_3&#8243; _builder_version=&#8221;4.18.0&#8243; _module_preset=&#8221;default&#8221; global_colors_info=&#8221;{}&#8221; theme_builder_area=&#8221;post_content&#8221;][et_pb_column type=&#8221;1_3&#8243; _builder_version=&#8221;4.18.0&#8243; _module_preset=&#8221;default&#8221; global_colors_info=&#8221;{}&#8221; theme_builder_area=&#8221;post_content&#8221;][et_pb_image src=&#8221;https:\/\/trgovina.servingdoo.si\/wp-content\/uploads\/2022\/09\/razvoj.jpg&#8221; title_text=&#8221;razvoj&#8221; _builder_version=&#8221;4.18.0&#8243; _module_preset=&#8221;default&#8221; global_colors_info=&#8221;{}&#8221; theme_builder_area=&#8221;post_content&#8221;][\/et_pb_image][\/et_pb_column][et_pb_column type=&#8221;1_3&#8243; _builder_version=&#8221;4.18.0&#8243; _module_preset=&#8221;default&#8221; global_colors_info=&#8221;{}&#8221; theme_builder_area=&#8221;post_content&#8221;][et_pb_image src=&#8221;https:\/\/trgovina.servingdoo.si\/wp-content\/uploads\/2022\/09\/tehnologija.jpg&#8221; title_text=&#8221;tehnologija&#8221; _builder_version=&#8221;4.18.0&#8243; _module_preset=&#8221;default&#8221; global_colors_info=&#8221;{}&#8221; theme_builder_area=&#8221;post_content&#8221;][\/et_pb_image][\/et_pb_column][et_pb_column type=&#8221;1_3&#8243; _builder_version=&#8221;4.18.0&#8243; _module_preset=&#8221;default&#8221; global_colors_info=&#8221;{}&#8221; theme_builder_area=&#8221;post_content&#8221;][et_pb_image src=&#8221;https:\/\/trgovina.servingdoo.si\/wp-content\/uploads\/2022\/09\/sps.jpg&#8221; title_text=&#8221;sps&#8221; _builder_version=&#8221;4.18.0&#8243; _module_preset=&#8221;default&#8221; global_colors_info=&#8221;{}&#8221; theme_builder_area=&#8221;post_content&#8221;][\/et_pb_image][\/et_pb_column][\/et_pb_row][\/et_pb_section]<\/p>\n","protected":false},"excerpt":{"rendered":"<p>Der Zweck der Operation ist die Durchf\u00fchrung der digitalen Transformation des Unternehmens Serving d.o.o.. Die Ziele der Operation sind: 1. Durch B2B oder Digital Access Point (DAP), um die Benutzererfahrung f\u00fcr alle Prozessbeteiligten im Unternehmen zu verbessern. 2. Einrichtung einer CDL (Centralized Data Layer) als Teil der Datenstrategie. Alle Daten werden an einem Ort gesammelt, [&hellip;]<\/p>\n","protected":false},"author":1,"featured_media":0,"parent":0,"menu_order":0,"comment_status":"closed","ping_status":"closed","template":"","meta":{"_et_pb_use_builder":"on","_et_pb_old_content":"","_et_gb_content_width":""},"_links":{"self":[{"href":"https:\/\/trgovina.servingdoo.si\/de\/wp-json\/wp\/v2\/pages\/3024"}],"collection":[{"href":"https:\/\/trgovina.servingdoo.si\/de\/wp-json\/wp\/v2\/pages"}],"about":[{"href":"https:\/\/trgovina.servingdoo.si\/de\/wp-json\/wp\/v2\/types\/page"}],"author":[{"embeddable":true,"href":"https:\/\/trgovina.servingdoo.si\/de\/wp-json\/wp\/v2\/users\/1"}],"replies":[{"embeddable":true,"href":"https:\/\/trgovina.servingdoo.si\/de\/wp-json\/wp\/v2\/comments?post=3024"}],"version-history":[{"count":7,"href":"https:\/\/trgovina.servingdoo.si\/de\/wp-json\/wp\/v2\/pages\/3024\/revisions"}],"predecessor-version":[{"id":3244,"href":"https:\/\/trgovina.servingdoo.si\/de\/wp-json\/wp\/v2\/pages\/3024\/revisions\/3244"}],"wp:attachment":[{"href":"https:\/\/trgovina.servingdoo.si\/de\/wp-json\/wp\/v2\/media?parent=3024"}],"curies":[{"name":"wp","href":"https:\/\/api.w.org\/{rel}","templated":true}]}}