{"id":2941,"date":"2022-04-09T14:58:32","date_gmt":"2022-04-09T14:58:32","guid":{"rendered":"https:\/\/trgovina.power.si\/o-podjetju\/"},"modified":"2022-10-06T12:49:37","modified_gmt":"2022-10-06T12:49:37","slug":"o-podjetju","status":"publish","type":"page","link":"https:\/\/trgovina.servingdoo.si\/de\/o-podjetju\/","title":{"rendered":"\u00dcber Uns"},"content":{"rendered":"<p>[et_pb_section fb_built=&#8221;1&#8243; admin_label=&#8221;Naslov strani&#8221; _builder_version=&#8221;4.18.0&#8243; _module_preset=&#8221;default&#8221; background_color=&#8221;#f8f8f8&#8243; custom_padding=&#8221;40px||40px||false|false&#8221; locked=&#8221;off&#8221; global_colors_info=&#8221;{}&#8221;][et_pb_row _builder_version=&#8221;4.18.0&#8243; _module_preset=&#8221;default&#8221; global_colors_info=&#8221;{}&#8221;][et_pb_column type=&#8221;4_4&#8243; _builder_version=&#8221;4.18.0&#8243; _module_preset=&#8221;default&#8221; global_colors_info=&#8221;{}&#8221;][et_pb_post_title meta=&#8221;off&#8221; featured_image=&#8221;off&#8221; _builder_version=&#8221;4.18.0&#8243; _module_preset=&#8221;default&#8221; title_font=&#8221;|700||on|||||&#8221; title_text_align=&#8221;center&#8221; text_orientation=&#8221;center&#8221; global_colors_info=&#8221;{}&#8221;][\/et_pb_post_title][\/et_pb_column][\/et_pb_row][\/et_pb_section][et_pb_section fb_built=&#8221;1&#8243; theme_builder_area=&#8221;post_content&#8221; _builder_version=&#8221;4.18.0&#8243; _module_preset=&#8221;default&#8221;][et_pb_row _builder_version=&#8221;4.18.0&#8243; _module_preset=&#8221;default&#8221; theme_builder_area=&#8221;post_content&#8221;][et_pb_column _builder_version=&#8221;4.18.0&#8243; _module_preset=&#8221;default&#8221; type=&#8221;4_4&#8243; theme_builder_area=&#8221;post_content&#8221;][et_pb_text _builder_version=&#8221;4.18.0&#8243; _module_preset=&#8221;default&#8221; theme_builder_area=&#8221;post_content&#8221; hover_enabled=&#8221;0&#8243; sticky_enabled=&#8221;0&#8243;]<\/p>\n<div class=\"et_pb_row et_pb_row_1\">\n<div class=\"et_pb_column et_pb_column_4_4 et_pb_column_1  et_pb_css_mix_blend_mode_passthrough et-last-child\">\n<div class=\"et_pb_module et_pb_text et_pb_text_0  et_pb_text_align_left et_pb_bg_layout_light\">\n<div class=\"et_pb_text_inner\">\n<p><span>Das Unternehmen SERVING d.o.o. wurde im Jahre 1992 gegr\u00fcndet und zwar f\u00fcr den Bedarf von Serviceleistungen von verschiedenen technologischen Anlagen und Einrichtungen. Durch die Jahre hindurch und mit dem Zuwachs der Anzahl von Mitarbeitern haben wir die T\u00e4tigkeit erweitert und sind auf technologisch anspruchsvollere Produkte \u00fcbergegangen, gleichzeitig haben wir auch die Anzahl der Fertigungsprogramme erh\u00f6ht.<\/span><\/p>\n<p><span><\/span><\/p>\n<p><span>Somit k\u00f6nnen wir Ihnen heute vielf\u00e4ltige und verschiedenartige technologische Anlagen und Einrichtungen anbieten, zum gr\u00f6\u00dftenteils unsere Eigene, teilweise jedoch auch mit der Zusammenarbeit mit unseren Zulieferern.<br \/><\/span><\/p>\n<\/div>\n<\/div>\n<\/div>\n<\/div>\n<div class=\"et_pb_row et_pb_row_2\">\n<div class=\"et_pb_column et_pb_column_4_4 et_pb_column_2  et_pb_css_mix_blend_mode_passthrough et-last-child\">\n<div class=\"et_pb_module et_pb_text et_pb_text_1  et_pb_text_align_left et_pb_bg_layout_light\">\n<div class=\"et_pb_text_inner\">\n<table border=\"1\">\n<tbody>\n<tr>\n<td><strong><span class=\"tab3\">Name:<\/span><\/strong><\/td>\n<td><span class=\"tab2\">Serving proizvodno, storitveno in trgovsko podjetje d.o.o.<span>\u00a0<\/span><span>(Serving, Fertigungsunternehmen, Dienstleistungsunternehmen und Handelsunternehmen GmbH<\/span><\/span><\/td>\n<\/tr>\n<tr>\n<td><strong><span class=\"tab3\">Gek\u00fcrzter Name:<\/span><\/strong><\/td>\n<td><span class=\"tab2\">Serving d.o.o.<\/span><\/td>\n<\/tr>\n<tr>\n<td><strong>Adresse:<\/strong><\/td>\n<td><span class=\"tab2\">Polena 10<\/span><\/td>\n<\/tr>\n<tr>\n<td><strong><span class=\"tab3\">Postleitzahl und Ort:<\/span><\/strong><\/td>\n<td><span class=\"tab2\">2392 Me\u017eica<\/span><\/td>\n<\/tr>\n<tr>\n<td><strong><span class=\"tab3\">UstID Nummer des Steuerpflichtigen f\u00fcr die Mehrwertsteuer:<\/span><\/strong><\/td>\n<td><span>SI53363825<\/span><\/td>\n<\/tr>\n<tr>\n<td><strong><span class=\"tab3\">Stammnummer:<\/span><\/strong><\/td>\n<td><span>5563739<\/span><\/td>\n<\/tr>\n<tr>\n<td><strong>IBAN:<\/strong><\/td>\n<td><span class=\"tab2\">SI56 0247 0001 5141 242<\/span><\/td>\n<\/tr>\n<tr>\n<td><strong><span class=\"tab3\">Konto Nr.:<\/span><\/strong><\/td>\n<td><span>1010 0003 9609 751, Banka Koper<\/span><br \/><span>0247 0001 5141 242, Nova Ljubljanska banka<\/span><\/td>\n<\/tr>\n<tr>\n<td><strong><span class=\"tab3\">Eintragsnummer im Gerichtsregister:<\/span><\/strong><br \/><strong><span class=\"tab3\"><\/span><\/strong><\/td>\n<td><span class=\"tab2\">1\/04767\/00<span>\u00a0<\/span><span>Kreisgericht Slovenj Gradec<\/span><\/span><\/td>\n<\/tr>\n<tr>\n<td><strong><span class=\"tab3\">Grundkapital:<\/span><\/strong><\/td>\n<td><span>22.363,95 \u20ac<\/span><\/td>\n<\/tr>\n<tr>\n<td><strong><span class=\"tab3\">Gesch\u00e4ftsleiter:<\/span><\/strong><\/td>\n<td><span>Petri\u010d Jo\u017ee<\/span><\/td>\n<\/tr>\n<tr>\n<td><strong><span class=\"tab3\">Tel.:<\/span><\/strong><\/td>\n<td><span>+386 (0)2 82 15 125<\/span><\/td>\n<\/tr>\n<tr>\n<td><strong><span class=\"tab3\">Fax:<\/span><\/strong><\/td>\n<td><span>+ 386 2 82 77 637<\/span><\/td>\n<\/tr>\n<tr>\n<td><strong><span class=\"tab3\">E-mail:<\/span><\/strong><\/td>\n<td><a href=\"mailto:servingdoo@servingdoo.si\">servingdoo@servingdoo.si<\/a><span><br \/><\/span><a href=\"mailto:servingdoo@siol.net\">servingdoo@siol.net<\/a><\/td>\n<\/tr>\n<tr>\n<td><strong><span class=\"tab3\">Web:<\/span><\/strong><\/td>\n<td><a href=\"https:\/\/www.servingdoo.si\/\">www.servingdoo.si<\/a><\/td>\n<\/tr>\n<\/tbody>\n<\/table>\n<\/div>\n<\/div>\n<div class=\"et_pb_module et_pb_image et_pb_image_0\"><span class=\"et_pb_image_wrap \"><img decoding=\"async\" loading=\"lazy\" width=\"300\" height=\"300\" src=\"https:\/\/serving.elevate.si\/wp-content\/uploads\/2022\/09\/aaa_bisnode_de.png\" alt=\"\" title=\"aaa_bisnode_de\" srcset=\"https:\/\/www.servingdoo.si\/wp-content\/uploads\/2022\/09\/aaa_bisnode_de.png 300w, https:\/\/www.servingdoo.si\/wp-content\/uploads\/2022\/09\/aaa_bisnode_de-150x150.png 150w\" sizes=\"(max-width: 300px) 100vw, 300px\" class=\"wp-image-1055\" \/><\/span><\/div>\n<\/div>\n<\/div>\n<p>[\/et_pb_text][\/et_pb_column][\/et_pb_row][\/et_pb_section]<\/p>\n","protected":false},"excerpt":{"rendered":"<p>Das Unternehmen SERVING d.o.o. wurde im Jahre 1992 gegr\u00fcndet und zwar f\u00fcr den Bedarf von Serviceleistungen von verschiedenen technologischen Anlagen und Einrichtungen. Durch die Jahre hindurch und mit dem Zuwachs der Anzahl von Mitarbeitern haben wir die T\u00e4tigkeit erweitert und sind auf technologisch anspruchsvollere Produkte \u00fcbergegangen, gleichzeitig haben wir auch die Anzahl der Fertigungsprogramme erh\u00f6ht. [&hellip;]<\/p>\n","protected":false},"author":1,"featured_media":0,"parent":0,"menu_order":0,"comment_status":"closed","ping_status":"closed","template":"","meta":{"_et_pb_use_builder":"on","_et_pb_old_content":"","_et_gb_content_width":""},"_links":{"self":[{"href":"https:\/\/trgovina.servingdoo.si\/de\/wp-json\/wp\/v2\/pages\/2941"}],"collection":[{"href":"https:\/\/trgovina.servingdoo.si\/de\/wp-json\/wp\/v2\/pages"}],"about":[{"href":"https:\/\/trgovina.servingdoo.si\/de\/wp-json\/wp\/v2\/types\/page"}],"author":[{"embeddable":true,"href":"https:\/\/trgovina.servingdoo.si\/de\/wp-json\/wp\/v2\/users\/1"}],"replies":[{"embeddable":true,"href":"https:\/\/trgovina.servingdoo.si\/de\/wp-json\/wp\/v2\/comments?post=2941"}],"version-history":[{"count":6,"href":"https:\/\/trgovina.servingdoo.si\/de\/wp-json\/wp\/v2\/pages\/2941\/revisions"}],"predecessor-version":[{"id":3260,"href":"https:\/\/trgovina.servingdoo.si\/de\/wp-json\/wp\/v2\/pages\/2941\/revisions\/3260"}],"wp:attachment":[{"href":"https:\/\/trgovina.servingdoo.si\/de\/wp-json\/wp\/v2\/media?parent=2941"}],"curies":[{"name":"wp","href":"https:\/\/api.w.org\/{rel}","templated":true}]}}